{"id":3175,"date":"2018-01-22T01:48:50","date_gmt":"2018-01-22T00:48:50","guid":{"rendered":"http:\/\/www.villapoggiosalvi.it\/wp2\/?page_id=3175"},"modified":"2021-05-17T02:15:37","modified_gmt":"2021-05-17T00:15:37","slug":"benvenuti-a-villa-poggio-salvi","status":"publish","type":"page","link":"https:\/\/www.villapoggiosalvi.it\/wp2\/","title":{"rendered":"Benvenuti a Villa Poggio Salvi"},"content":{"rendered":"<p><\/p>\n<div class=\"gdlr-shortcode-wrapper gdlr-row-shortcode\">\r\n<div class=\"three-fifth columns\"><div class=\"gdlr-item gdlr-column-shortcode\"><p>&nbsp;<\/p>\n<p><img loading=\"lazy\" class=\"alignleft size-full wp-image-3107\" src=\"https:\/\/www.villapoggiosalvi.it\/wp2\/wp-content\/uploads\/2018\/01\/logo_vps_vert.png\" alt=\"\" width=\"130\" height=\"242\"><strong>Vini tradizionali prodotti con metodi moderni<\/strong>.&nbsp;\u00c8 questa la filosofia di&nbsp;<strong>Villa Poggio Salvi<\/strong>.&nbsp;Perch\u00e9 il vino si fa in vigna, ma nella cantina bisogna saperlo accompagnare con sapienza, rispettando le caratteristiche che ogni annata regala. Villa Poggio Salvi per struttura e modernit\u00e0 \u00e8 un\u2019azienda che guarda al futuro rispettando il passato basandosi sulla semplice eleganza del Sangiovese Grosso affinato in botti di rovere di grande capacit\u00e0 come da storica tradizione.<\/p>\n<p>Villa Poggio Salvi deve il suo nome alla felice posizione sul versante Sud di Montalcino che guarda il mare Tirreno. L\u2019aria pulita, i profumi che arrivano dai folti boschi di lecci che circondano l\u2019Azienda e dalla macchia mediterranea, hanno attirato qui, fin dall\u2019antichit\u00e0 le genti che provenivano dalla Maremma.&nbsp;Poggio Salvi, appunto, il \u201cPoggio della Salute\u201d in quanto considerato da sempre zona salubre e pura, dove gi\u00e0 nei secoli scorsi la gente trovava rifugio per allontanarsi dalle zone pi\u00f9 insalubri infestate da malattie.&nbsp;Negli Archivi Storici del Comune di Montalcino questo luogo era noto gi\u00e0 nel 1500 per vini che andavano ad arricchire le mense dei personaggi pi\u00f9 prestigiosi.<\/p>\n<p>&nbsp;<\/p>\n<\/div><\/div>\r\n\r\n<div class=\"two-fifth columns\"><div class=\"gdlr-item gdlr-column-shortcode\"><p>&nbsp;<\/p>\n<p><strong>Ultime news:<\/strong><\/p>\n<div class=\"gdlr-shortcode-wrapper\"><div class=\"blog-item-wrapper\"  ><div class=\"blog-item-holder\"><div class=\"gdlr-isotope\" data-type=\"blog\" data-layout=\"fitRows\" ><div class=\"clear\"><\/div><div class=\"twelve columns\"><div class=\"gdlr-item gdlr-blog-grid\"><div class=\"gdlr-ux gdlr-blog-grid-ux\">\n<article id=\"post-4718\" class=\"post-4718 post type-post status-publish format-standard has-post-thumbnail hentry category-news\">\n\t<div class=\"gdlr-standard-style\">\n\t\t\t\t<div class=\"gdlr-blog-thumbnail\">\n\t\t\t<a href=\"https:\/\/www.villapoggiosalvi.it\/wp2\/2026\/04\/06\/villa-poggio-salvi-a-vinitaly-2026\/\"> <img src=\"https:\/\/www.villapoggiosalvi.it\/wp2\/wp-content\/uploads\/2026\/04\/news290x300px_vinitaly2026.jpg\" alt=\"\" width=\"290\" height=\"300\" \/><\/a>\t\t<\/div>\n\t\t\t\n\t\t<div class=\"gdlr-blog-info gdlr-info\"><div class=\"blog-info blog-date\"><i class=\"icon-time\"><\/i><a href=\"https:\/\/www.villapoggiosalvi.it\/wp2\/2026\/04\/06\/\">06 apr 2026<\/a><\/div><div class=\"blog-info blog-author\"><i class=\"icon-user\"><\/i><a href=\"https:\/\/www.villapoggiosalvi.it\/wp2\/author\/eugenio\/\" title=\"Articoli scritti da Eugenio\" rel=\"author\">Eugenio<\/a><\/div><div class=\"clear\"><\/div><\/div>\t\n\t\n\t\t<header class=\"post-header\">\n\t\t\t\t\t\t\t<h3 class=\"gdlr-blog-title\"><a href=\"https:\/\/www.villapoggiosalvi.it\/wp2\/2026\/04\/06\/villa-poggio-salvi-a-vinitaly-2026\/\">VILLA POGGIO SALVI A VINITALY 2026<\/a><\/h3>\n\t\t\t\t\t\t<div class=\"clear\"><\/div>\n\t\t<\/header><!-- entry-header -->\n\n\t\t\t\t\n\t\t<div class=\"gdlr-grid-read-more\">\n\t\t\t<a href=\"https:\/\/www.villapoggiosalvi.it\/wp2\/2026\/04\/06\/villa-poggio-salvi-a-vinitaly-2026\/\">Read More<\/a>\n\t\t<\/div>\n\t<\/div>\n<\/article><!-- #post --><\/div><\/div><\/div><div class=\"clear\"><\/div><div class=\"twelve columns\"><div class=\"gdlr-item gdlr-blog-grid\"><div class=\"gdlr-ux gdlr-blog-grid-ux\">\n<article id=\"post-4707\" class=\"post-4707 post type-post status-publish format-standard has-post-thumbnail hentry category-news\">\n\t<div class=\"gdlr-standard-style\">\n\t\t\t\t<div class=\"gdlr-blog-thumbnail\">\n\t\t\t<a href=\"https:\/\/www.villapoggiosalvi.it\/wp2\/2026\/03\/16\/villa-poggio-salvi-a-vinitaly-chengdu-2026\/\"> <img src=\"https:\/\/www.villapoggiosalvi.it\/wp2\/wp-content\/uploads\/2026\/03\/news_290x300px_vinitalyChengdu2026.jpg\" alt=\"\" width=\"290\" height=\"300\" \/><\/a>\t\t<\/div>\n\t\t\t\n\t\t<div class=\"gdlr-blog-info gdlr-info\"><div class=\"blog-info blog-date\"><i class=\"icon-time\"><\/i><a href=\"https:\/\/www.villapoggiosalvi.it\/wp2\/2026\/03\/16\/\">16 mar 2026<\/a><\/div><div class=\"blog-info blog-author\"><i class=\"icon-user\"><\/i><a href=\"https:\/\/www.villapoggiosalvi.it\/wp2\/author\/eugenio\/\" title=\"Articoli scritti da Eugenio\" rel=\"author\">Eugenio<\/a><\/div><div class=\"clear\"><\/div><\/div>\t\n\t\n\t\t<header class=\"post-header\">\n\t\t\t\t\t\t\t<h3 class=\"gdlr-blog-title\"><a href=\"https:\/\/www.villapoggiosalvi.it\/wp2\/2026\/03\/16\/villa-poggio-salvi-a-vinitaly-chengdu-2026\/\">VILLA POGGIO SALVI A VINITALY CHENGDU 2026<\/a><\/h3>\n\t\t\t\t\t\t<div class=\"clear\"><\/div>\n\t\t<\/header><!-- entry-header -->\n\n\t\t\t\t\n\t\t<div class=\"gdlr-grid-read-more\">\n\t\t\t<a href=\"https:\/\/www.villapoggiosalvi.it\/wp2\/2026\/03\/16\/villa-poggio-salvi-a-vinitaly-chengdu-2026\/\">Read More<\/a>\n\t\t<\/div>\n\t<\/div>\n<\/article><!-- #post --><\/div><\/div><\/div><div class=\"clear\"><\/div><div class=\"twelve columns\"><div class=\"gdlr-item gdlr-blog-grid\"><div class=\"gdlr-ux gdlr-blog-grid-ux\">\n<article id=\"post-4701\" class=\"post-4701 post type-post status-publish format-standard has-post-thumbnail hentry category-news\">\n\t<div class=\"gdlr-standard-style\">\n\t\t\t\t<div class=\"gdlr-blog-thumbnail\">\n\t\t\t<a href=\"https:\/\/www.villapoggiosalvi.it\/wp2\/2026\/03\/10\/kerin-okeefe-93-100-per-il-brunello-di-montalcino-2021-pomona-villa-poggio-salvi\/\"> <img src=\"https:\/\/www.villapoggiosalvi.it\/wp2\/wp-content\/uploads\/2026\/03\/news_290x300px_brunelloPomona2021.jpg\" alt=\"\" width=\"290\" height=\"300\" \/><\/a>\t\t<\/div>\n\t\t\t\n\t\t<div class=\"gdlr-blog-info gdlr-info\"><div class=\"blog-info blog-date\"><i class=\"icon-time\"><\/i><a href=\"https:\/\/www.villapoggiosalvi.it\/wp2\/2026\/03\/10\/\">10 mar 2026<\/a><\/div><div class=\"blog-info blog-author\"><i class=\"icon-user\"><\/i><a href=\"https:\/\/www.villapoggiosalvi.it\/wp2\/author\/eugenio\/\" title=\"Articoli scritti da Eugenio\" rel=\"author\">Eugenio<\/a><\/div><div class=\"clear\"><\/div><\/div>\t\n\t\n\t\t<header class=\"post-header\">\n\t\t\t\t\t\t\t<h3 class=\"gdlr-blog-title\"><a href=\"https:\/\/www.villapoggiosalvi.it\/wp2\/2026\/03\/10\/kerin-okeefe-93-100-per-il-brunello-di-montalcino-2021-pomona-villa-poggio-salvi\/\">KERIN O\u2019KEEFE: 93\/100 PER IL BRUNELLO DI MONTALCINO 2021 POMONA VILLA POGGIO SALVI<\/a><\/h3>\n\t\t\t\t\t\t<div class=\"clear\"><\/div>\n\t\t<\/header><!-- entry-header -->\n\n\t\t\t\t\n\t\t<div class=\"gdlr-grid-read-more\">\n\t\t\t<a href=\"https:\/\/www.villapoggiosalvi.it\/wp2\/2026\/03\/10\/kerin-okeefe-93-100-per-il-brunello-di-montalcino-2021-pomona-villa-poggio-salvi\/\">Read More<\/a>\n\t\t<\/div>\n\t<\/div>\n<\/article><!-- #post --><\/div><\/div><\/div><div class=\"clear\"><\/div><div class=\"twelve columns\"><div class=\"gdlr-item gdlr-blog-grid\"><div class=\"gdlr-ux gdlr-blog-grid-ux\">\n<article id=\"post-4688\" class=\"post-4688 post type-post status-publish format-standard has-post-thumbnail hentry category-news\">\n\t<div class=\"gdlr-standard-style\">\n\t\t\t\t<div class=\"gdlr-blog-thumbnail\">\n\t\t\t<a href=\"https:\/\/www.villapoggiosalvi.it\/wp2\/2026\/02\/02\/villa-poggio-salvi-a-wine-paris-2026\/\"> <img src=\"https:\/\/www.villapoggiosalvi.it\/wp2\/wp-content\/uploads\/2026\/02\/news290x300px-vinexpo-paris-2026.jpg\" alt=\"\" width=\"290\" height=\"300\" \/><\/a>\t\t<\/div>\n\t\t\t\n\t\t<div class=\"gdlr-blog-info gdlr-info\"><div class=\"blog-info blog-date\"><i class=\"icon-time\"><\/i><a href=\"https:\/\/www.villapoggiosalvi.it\/wp2\/2026\/02\/02\/\">02 feb 2026<\/a><\/div><div class=\"blog-info blog-author\"><i class=\"icon-user\"><\/i><a href=\"https:\/\/www.villapoggiosalvi.it\/wp2\/author\/eugenio\/\" title=\"Articoli scritti da Eugenio\" rel=\"author\">Eugenio<\/a><\/div><div class=\"clear\"><\/div><\/div>\t\n\t\n\t\t<header class=\"post-header\">\n\t\t\t\t\t\t\t<h3 class=\"gdlr-blog-title\"><a href=\"https:\/\/www.villapoggiosalvi.it\/wp2\/2026\/02\/02\/villa-poggio-salvi-a-wine-paris-2026\/\">VILLA POGGIO SALVI A WINE PARIS 2026<\/a><\/h3>\n\t\t\t\t\t\t<div class=\"clear\"><\/div>\n\t\t<\/header><!-- entry-header -->\n\n\t\t\t\t\n\t\t<div class=\"gdlr-grid-read-more\">\n\t\t\t<a href=\"https:\/\/www.villapoggiosalvi.it\/wp2\/2026\/02\/02\/villa-poggio-salvi-a-wine-paris-2026\/\">Read More<\/a>\n\t\t<\/div>\n\t<\/div>\n<\/article><!-- #post --><\/div><\/div><\/div><div class=\"clear\"><\/div><div class=\"twelve columns\"><div class=\"gdlr-item gdlr-blog-grid\"><div class=\"gdlr-ux gdlr-blog-grid-ux\">\n<article id=\"post-4682\" class=\"post-4682 post type-post status-publish format-standard has-post-thumbnail hentry category-news\">\n\t<div class=\"gdlr-standard-style\">\n\t\t\t\t<div class=\"gdlr-blog-thumbnail\">\n\t\t\t<a href=\"https:\/\/www.villapoggiosalvi.it\/wp2\/2026\/01\/22\/james-suckling-92-punti-per-il-brunello-di-montalcino-2021-villa-poggio-salvi\/\"> <img src=\"https:\/\/www.villapoggiosalvi.it\/wp2\/wp-content\/uploads\/2020\/12\/news_290x300px_brunelloAnnata2016.jpg\" alt=\"\" width=\"290\" height=\"300\" \/><\/a>\t\t<\/div>\n\t\t\t\n\t\t<div class=\"gdlr-blog-info gdlr-info\"><div class=\"blog-info blog-date\"><i class=\"icon-time\"><\/i><a href=\"https:\/\/www.villapoggiosalvi.it\/wp2\/2026\/01\/22\/\">22 gen 2026<\/a><\/div><div class=\"blog-info blog-author\"><i class=\"icon-user\"><\/i><a href=\"https:\/\/www.villapoggiosalvi.it\/wp2\/author\/eugenio\/\" title=\"Articoli scritti da Eugenio\" rel=\"author\">Eugenio<\/a><\/div><div class=\"clear\"><\/div><\/div>\t\n\t\n\t\t<header class=\"post-header\">\n\t\t\t\t\t\t\t<h3 class=\"gdlr-blog-title\"><a href=\"https:\/\/www.villapoggiosalvi.it\/wp2\/2026\/01\/22\/james-suckling-92-punti-per-il-brunello-di-montalcino-2021-villa-poggio-salvi\/\">JAMES SUCKLING: 92 PUNTI PER IL BRUNELLO DI MONTALCINO 2021 VILLA POGGIO SALVI<\/a><\/h3>\n\t\t\t\t\t\t<div class=\"clear\"><\/div>\n\t\t<\/header><!-- entry-header -->\n\n\t\t\t\t\n\t\t<div class=\"gdlr-grid-read-more\">\n\t\t\t<a href=\"https:\/\/www.villapoggiosalvi.it\/wp2\/2026\/01\/22\/james-suckling-92-punti-per-il-brunello-di-montalcino-2021-villa-poggio-salvi\/\">Read More<\/a>\n\t\t<\/div>\n\t<\/div>\n<\/article><!-- #post --><\/div><\/div><\/div><div class=\"clear\"><\/div><\/div><\/div><\/div><\/div>\n<\/div><\/div>\r\n<div class=\"clear\"><\/div><\/div>\n<p><\/p>","protected":false},"excerpt":{"rendered":"","protected":false},"author":1,"featured_media":0,"parent":0,"menu_order":0,"comment_status":"closed","ping_status":"closed","template":"","meta":[],"_links":{"self":[{"href":"https:\/\/www.villapoggiosalvi.it\/wp2\/wp-json\/wp\/v2\/pages\/3175"}],"collection":[{"href":"https:\/\/www.villapoggiosalvi.it\/wp2\/wp-json\/wp\/v2\/pages"}],"about":[{"href":"https:\/\/www.villapoggiosalvi.it\/wp2\/wp-json\/wp\/v2\/types\/page"}],"author":[{"embeddable":true,"href":"https:\/\/www.villapoggiosalvi.it\/wp2\/wp-json\/wp\/v2\/users\/1"}],"replies":[{"embeddable":true,"href":"https:\/\/www.villapoggiosalvi.it\/wp2\/wp-json\/wp\/v2\/comments?post=3175"}],"version-history":[{"count":10,"href":"https:\/\/www.villapoggiosalvi.it\/wp2\/wp-json\/wp\/v2\/pages\/3175\/revisions"}],"predecessor-version":[{"id":4281,"href":"https:\/\/www.villapoggiosalvi.it\/wp2\/wp-json\/wp\/v2\/pages\/3175\/revisions\/4281"}],"wp:attachment":[{"href":"https:\/\/www.villapoggiosalvi.it\/wp2\/wp-json\/wp\/v2\/media?parent=3175"}],"curies":[{"name":"wp","href":"https:\/\/api.w.org\/{rel}","templated":true}]}}