{"id":3118,"date":"2018-01-21T16:31:23","date_gmt":"2018-01-21T15:31:23","guid":{"rendered":"http:\/\/www.villapoggiosalvi.it\/wp2\/?page_id=3118"},"modified":"2018-02-23T04:04:14","modified_gmt":"2018-02-23T03:04:14","slug":"la-pomona","status":"publish","type":"page","link":"https:\/\/www.villapoggiosalvi.it\/wp2\/la-pomona\/","title":{"rendered":"La Pomona"},"content":{"rendered":"<p><\/p>\n<div class=\"gdlr-shortcode-wrapper\"><div class=\"gdlr-item-title-wrapper gdlr-item pos-center \"><div class=\"gdlr-item-title-head\"><h3 class=\"gdlr-item-title gdlr-skin-title gdlr-skin-border\">La Pomona<\/h3><div class=\"clear\"><\/div><\/div><div class=\"gdlr-item-title-divider\"><\/div><\/div><\/div>\n<p><strong>Il nostro marchio \u00e8 da sempre rappresentato dalla\u00a0<em>Pomona<\/em>, \u00e8 lei la nostra Dea&#8230;<\/strong><\/p>\n<div id=\"center\">\n<p>Viso di donna e capelli d&#8217;uva, Pomona \u00e8 la dea romana dei frutti (chiamata perci\u00f2\u00a0<em>Patrona pomorum<\/em>, &#8220;signora dei frutti&#8221;), non solo di quelli che crescono sugli alberi, ma anche dell&#8217;olivo e della vite).<\/p>\n<p>Il nome della dea deriva da\u00a0<em>pomum<\/em>, &#8220;frutto&#8221;. Ovidio la descrive con una falce nella mano destra e le era dedicato un bosco sacro denominato\u00a0<em>Pomonal<\/em>, situato a sud del XII miglio della via Ostiense, nei pressi dell&#8217;attuale Castel Porziano a Roma. Secondo il poeta Ausonio, Pomona ha in tutela il mese di settembre perch\u00e9 \u00e8 quello in cui matura la frutta.<\/p>\n<p>La Pomona Italiana, di Giorgio Gallesio (Finalborgo, 1772 &#8211; Firenze, 1839), \u00e8 anche la prima e pi\u00f9 importante raccolta di immagini e descrizioni di frutta e alberi fruttiferi realizzata in Italia. L&#8217;opera, pubblicata in fascicoli tra il 1817 e il 1839, oggi \u00e8 conservata in pochi esemplari.<\/p>\n<p>\u00c8 quindi la Pomona, il volto di colei che si ritrova su tutte le nostre etichette dal 1979 ad oggi.<\/p>\n<p>Le attuali fanno parte di una recente rivisitazione, un restyling affidato allo studio Robilant di Milano, importante societ\u00e0 di grafica che rappresenta il Made in Italy in tutto il mondo.<\/p>\n<p>Affidarsi a Maurizio di Robilant \u00e8 stato un ritorno alle origini; proprio lui nel lontano 1979, ancora ragazzo, raffigur\u00f2 sulle prime etichette il volto della nostra Pomona.<\/p>\n<p>La Pomona \u00e8 sempre presente in diverse occasioni, e l&#8217;azienda la ripropone in oggetti di varie sfumature, a ricordarne come buon auspicio di vegliare sul raccolto e sulla cantina.<\/p>\n<\/div>\n<p><\/p>","protected":false},"excerpt":{"rendered":"<p>Il nostro marchio \u00e8 da sempre rappresentato dalla\u00a0Pomona, \u00e8 lei la nostra Dea&#8230; Viso di donna e capelli d&#8217;uva, Pomona \u00e8 la dea romana dei frutti (chiamata perci\u00f2\u00a0Patrona pomorum, &#8220;signora dei frutti&#8221;), non solo di quelli che crescono sugli alberi, ma anche dell&#8217;olivo e della vite). Il nome della dea deriva da\u00a0pomum, &#8220;frutto&#8221;. Ovidio la&#8230; <\/p>\n<div class=\"clear\"><\/div>\n<p><a href=\"https:\/\/www.villapoggiosalvi.it\/wp2\/la-pomona\/\" class=\"gdlr-button with-border excerpt-read-more\">Read More<\/a><\/p>\n","protected":false},"author":1,"featured_media":0,"parent":0,"menu_order":0,"comment_status":"closed","ping_status":"closed","template":"","meta":[],"_links":{"self":[{"href":"https:\/\/www.villapoggiosalvi.it\/wp2\/wp-json\/wp\/v2\/pages\/3118"}],"collection":[{"href":"https:\/\/www.villapoggiosalvi.it\/wp2\/wp-json\/wp\/v2\/pages"}],"about":[{"href":"https:\/\/www.villapoggiosalvi.it\/wp2\/wp-json\/wp\/v2\/types\/page"}],"author":[{"embeddable":true,"href":"https:\/\/www.villapoggiosalvi.it\/wp2\/wp-json\/wp\/v2\/users\/1"}],"replies":[{"embeddable":true,"href":"https:\/\/www.villapoggiosalvi.it\/wp2\/wp-json\/wp\/v2\/comments?post=3118"}],"version-history":[{"count":7,"href":"https:\/\/www.villapoggiosalvi.it\/wp2\/wp-json\/wp\/v2\/pages\/3118\/revisions"}],"predecessor-version":[{"id":3391,"href":"https:\/\/www.villapoggiosalvi.it\/wp2\/wp-json\/wp\/v2\/pages\/3118\/revisions\/3391"}],"wp:attachment":[{"href":"https:\/\/www.villapoggiosalvi.it\/wp2\/wp-json\/wp\/v2\/media?parent=3118"}],"curies":[{"name":"wp","href":"https:\/\/api.w.org\/{rel}","templated":true}]}}